{"id":1299,"date":"2023-06-26T07:52:58","date_gmt":"2023-06-26T06:52:58","guid":{"rendered":"https:\/\/gasteiz.ika.eus\/?page_id=1299"},"modified":"2023-12-04T08:41:31","modified_gmt":"2023-12-04T07:41:31","slug":"hoja-de-informacion-de-los-cursos-de-verano","status":"publish","type":"page","link":"https:\/\/gasteiz.ika.eus\/es\/hoja-de-informacion-de-los-cursos-de-verano\/","title":{"rendered":"Hoja de informaci\u00f3n de los cursos de verano"},"content":{"rendered":"<section class=\"l-section wpb_row height_medium\"><div class=\"l-section-h i-cf\"><div class=\"g-cols vc_row via_grid cols_1 laptops-cols_inherit tablets-cols_inherit mobiles-cols_1 valign_top type_default stacking_default\"><div class=\"wpb_column vc_column_container\"><div class=\"vc_column-inner\"><div class=\"wpb_text_column\"><div class=\"wpb_wrapper\"><table width=\"100%\">\n<tbody>\n<tr>\n<td width=\"50%\">PARA MATRICULARTE<\/p>\n<ul>\n<li>Online, en nuestra web: <a href=\"http:\/\/www.gasteiz.ika.eus\/\">www.gasteiz.ika.eus<\/a><\/li>\n<li>En el euskaltegi. Rellena la solicitud, y paga mediante tarjeta en la oficina o mediante transferencia. Si lo haces mediante transferencia, deber\u00e1s presentar justificante bancario.<\/li>\n<\/ul>\n<p>PLAZOS DE DEVOLUCI\u00d3N<\/p>\n<ul>\n<li>Si la baja se produce antes del inicio del curso, se te devolver\u00e1 el % 100.<\/li>\n<li>Una vez iniciado el curso, no se devolver\u00e1 importe alguno.<\/li>\n<\/ul>\n<p><strong>DEBER\u00c1N HACER PRUEBA DE NIVEL<\/strong><\/p>\n<ul>\n<li>Quienes se matriculen por primera vez en un euskaltegi.<\/li>\n<li>Quienes lleven m\u00e1s de un a\u00f1o sin matricularse en un euskaltegi.<\/li>\n<li>Quienes habi\u00e9ndose matriculado el a\u00f1o anterior en alg\u00fan euskaltegi no entreguen el justificante oficial del euskaltegi que acredite el \u00faltimo nivel aprobado.<\/li>\n<\/ul>\n<\/td>\n<\/tr>\n<\/tbody>\n<\/table>\n<\/div><\/div><\/div><\/div><\/div><\/div><\/section>\n","protected":false},"excerpt":{"rendered":"PARA MATRICULARTE Online, en nuestra web: www.gasteiz.ika.eus En el euskaltegi. Rellena la solicitud, y paga mediante tarjeta en la oficina o mediante transferencia. Si lo haces mediante transferencia, deber\u00e1s presentar justificante bancario. PLAZOS DE DEVOLUCI\u00d3N Si la baja se produce antes del inicio del curso, se te devolver\u00e1 el % 100. Una vez iniciado el...","protected":false},"author":2,"featured_media":0,"parent":0,"menu_order":0,"comment_status":"closed","ping_status":"closed","template":"","meta":{"_acf_changed":false,"footnotes":""},"class_list":["post-1299","page","type-page","status-publish","hentry"],"acf":[],"_links":{"self":[{"href":"https:\/\/gasteiz.ika.eus\/es\/wp-json\/wp\/v2\/pages\/1299","targetHints":{"allow":["GET"]}}],"collection":[{"href":"https:\/\/gasteiz.ika.eus\/es\/wp-json\/wp\/v2\/pages"}],"about":[{"href":"https:\/\/gasteiz.ika.eus\/es\/wp-json\/wp\/v2\/types\/page"}],"author":[{"embeddable":true,"href":"https:\/\/gasteiz.ika.eus\/es\/wp-json\/wp\/v2\/users\/2"}],"replies":[{"embeddable":true,"href":"https:\/\/gasteiz.ika.eus\/es\/wp-json\/wp\/v2\/comments?post=1299"}],"version-history":[{"count":5,"href":"https:\/\/gasteiz.ika.eus\/es\/wp-json\/wp\/v2\/pages\/1299\/revisions"}],"predecessor-version":[{"id":1515,"href":"https:\/\/gasteiz.ika.eus\/es\/wp-json\/wp\/v2\/pages\/1299\/revisions\/1515"}],"wp:attachment":[{"href":"https:\/\/gasteiz.ika.eus\/es\/wp-json\/wp\/v2\/media?parent=1299"}],"curies":[{"name":"wp","href":"https:\/\/api.w.org\/{rel}","templated":true}]}}