{"id":1500,"date":"2023-12-04T08:05:37","date_gmt":"2023-12-04T07:05:37","guid":{"rendered":"https:\/\/gasteiz.ika.eus\/?page_id=1500"},"modified":"2023-12-04T08:32:08","modified_gmt":"2023-12-04T07:32:08","slug":"hoja-de-informacion-de-los-cursos-de-febrero-a-junio","status":"publish","type":"page","link":"https:\/\/gasteiz.ika.eus\/es\/hoja-de-informacion-de-los-cursos-de-febrero-a-junio\/","title":{"rendered":"Hoja de informaci\u00f3n de los cursos de febrero a junio"},"content":{"rendered":"<section class=\"l-section wpb_row height_medium\"><div class=\"l-section-h i-cf\"><div class=\"g-cols vc_row via_grid cols_1 laptops-cols_inherit tablets-cols_inherit mobiles-cols_1 valign_top type_default stacking_default\"><div class=\"wpb_column vc_column_container\"><div class=\"vc_column-inner\"><div class=\"wpb_text_column\"><div class=\"wpb_wrapper\"><p><strong><u>Aspectos a tener en cuenta<\/u><\/strong><u> <strong>al hacer la matr\u00edcula<\/strong><\/u><\/p>\n<p>En la oficina se te dir\u00e1 en qu\u00e9 euskaltegi ser\u00e1 el curso.<\/p>\n<p>Debes realizar una prueba de nivel si te matriculas por primera vez o si ha pasado m\u00e1s de un a\u00f1o desde la \u00faltima vez que te matriculaste en un euskaltegi. No har\u00e1s la prueba si en el curso anterior has estado en otro euskaltegi, pero deber\u00e1s presentar un justificante oficial que acredite el \u00faltimo subnivel aprobado.<\/p>\n<p>El precio de la matr\u00edcula incluye dos conceptos: la tasa (30 \u20ac) y la matr\u00edcula (el resto). Todas las personas matriculadas, sin excepci\u00f3n, deben pagar la tasa.<\/p>\n<p>Si tienes que asistir a clase a turnos, puedes solicitar como m\u00e1ximo dos horarios. Para ello, debes presentar en la oficina un documento oficial que justifique dicha solicitud.<\/p>\n<p><strong><u>Modos de pago de la matr\u00edcula<\/u><\/strong><\/p>\n<ul>\n<li><strong>Online<\/strong>, en nuestra web: <a href=\"http:\/\/www.gasteiz.ika.eus\/\">gasteiz.ika.eus<\/a><\/li>\n<li><strong>En el euskaltegi<\/strong>. Rellena la solicitud, y paga mediante tarjeta en la oficina o mediante transferencia. Si lo haces mediante transferencia, deber\u00e1s presentar justificante bancario.<\/li>\n<\/ul>\n<p>Si te matriculas en un curso de 10, 15 \u00f3 25 horas semanales, podr\u00e1s pagar el curso de una sola vez o en 2 plazos. Si pagas a plazos, deber\u00e1s darnos el n\u00ba de cuenta bancaria, a trav\u00e9s de la cual te domiciliaremos m\u00e1s adelante el 2\u00ba plazo. En los cursos de menor frecuencia, se debe abonar todo en un \u00fanico pago.<\/p>\n<p><strong><u>Aspectos a tener en cuenta<\/u><\/strong><u> <strong>una vez formalizada la matr\u00edcula<\/strong><\/u><\/p>\n<p>Para darte de baja, deber\u00e1s comunicarlo en la oficina y firmar un documento. Se considerar\u00e1 fecha de baja el d\u00eda de la notificaci\u00f3n.<\/p>\n<p>En caso de baja, la devoluci\u00f3n del importe de la matr\u00edcula se efectuar\u00e1 conforme a los siguientes plazos:<\/p>\n<ul>\n<li>Si la baja se produce dentro del plazo de matriculaci\u00f3n, recuperar\u00e1s todo lo pagado.<\/li>\n<li>Si la baja se produce durante los primeros 5 d\u00edas de clase, te devolveremos todo lo abonado excepto la tasa de matr\u00edcula.<\/li>\n<li>Si la baja se produce una vez pasados los primeros 5 d\u00edas de clase y antes de la domiciliaci\u00f3n del 2\u00ba plazo:\n<ul>\n<li>Si has abonado la matr\u00edcula en un \u00fanico plazo, te devolveremos la cantidad correspondiente al 2\u00ba plazo.<\/li>\n<li>Si has optado por pagar la matr\u00edcula a plazos, no te domiciliaremos la cantidad correspondiente al 2\u00ba plazo.<\/li>\n<\/ul>\n<\/li>\n<li>Domiciliado el 2\u00ba plazo, no se devolver\u00e1 importe alguno.<\/li>\n<\/ul>\n<p>Si no se forma grupo en el horario solicitado, te devolveremos todo lo abonado, incluida la tasa de matr\u00edcula.<\/p>\n<p>Si una vez iniciado el curso necesitaras cambiar de horario o asistir a clase a turnos, deber\u00e1s acreditar tu petici\u00f3n con un justificante oficial. El cambio se aceptar\u00e1 s\u00f3lo en caso de que haya plazas disponibles en el grupo solicitado.<\/p>\n<p><strong>Nota<\/strong>: <strong><sup>(*)\u00a0<\/sup><\/strong>Si IVAP, JUSTICIA, OSAKIDETZA o IRALE te abona el 100\u00a0% de la matr\u00edcula, deber\u00e1s abonar el importe correspondiente a la tasa (30\u00a0\u20ac) y entregar en la oficina la hoja de matr\u00edcula que recibir\u00e1s de una de esas entidades. Al mes de iniciar el curso, te devolveremos la cantidad abonada.<\/p>\n<\/div><\/div><\/div><\/div><\/div><\/div><\/section>\n","protected":false},"excerpt":{"rendered":"Aspectos a tener en cuenta al hacer la matr\u00edcula En la oficina se te dir\u00e1 en qu\u00e9 euskaltegi ser\u00e1 el curso. Debes realizar una prueba de nivel si te matriculas por primera vez o si ha pasado m\u00e1s de un a\u00f1o desde la \u00faltima vez que te matriculaste en un euskaltegi. No har\u00e1s la prueba...","protected":false},"author":2,"featured_media":0,"parent":0,"menu_order":0,"comment_status":"closed","ping_status":"closed","template":"","meta":{"_acf_changed":false,"footnotes":""},"class_list":["post-1500","page","type-page","status-publish","hentry"],"acf":[],"_links":{"self":[{"href":"https:\/\/gasteiz.ika.eus\/es\/wp-json\/wp\/v2\/pages\/1500","targetHints":{"allow":["GET"]}}],"collection":[{"href":"https:\/\/gasteiz.ika.eus\/es\/wp-json\/wp\/v2\/pages"}],"about":[{"href":"https:\/\/gasteiz.ika.eus\/es\/wp-json\/wp\/v2\/types\/page"}],"author":[{"embeddable":true,"href":"https:\/\/gasteiz.ika.eus\/es\/wp-json\/wp\/v2\/users\/2"}],"replies":[{"embeddable":true,"href":"https:\/\/gasteiz.ika.eus\/es\/wp-json\/wp\/v2\/comments?post=1500"}],"version-history":[{"count":2,"href":"https:\/\/gasteiz.ika.eus\/es\/wp-json\/wp\/v2\/pages\/1500\/revisions"}],"predecessor-version":[{"id":1508,"href":"https:\/\/gasteiz.ika.eus\/es\/wp-json\/wp\/v2\/pages\/1500\/revisions\/1508"}],"wp:attachment":[{"href":"https:\/\/gasteiz.ika.eus\/es\/wp-json\/wp\/v2\/media?parent=1500"}],"curies":[{"name":"wp","href":"https:\/\/api.w.org\/{rel}","templated":true}]}}