{"id":363,"date":"2022-07-05T12:22:26","date_gmt":"2022-07-05T11:22:26","guid":{"rendered":"https:\/\/gasteiz.ika.eus\/?page_id=363"},"modified":"2025-12-09T09:40:58","modified_gmt":"2025-12-09T08:40:58","slug":"empresas-e-instituciones","status":"publish","type":"page","link":"https:\/\/gasteiz.ika.eus\/es\/servicios\/empresas-e-instituciones\/","title":{"rendered":"Empresas e instituciones"},"content":{"rendered":"<section class=\"l-section wpb_row height_medium\"><div class=\"l-section-h i-cf\"><div class=\"g-cols vc_row via_grid cols_2-1 laptops-cols_inherit tablets-cols_inherit mobiles-cols_1 valign_top type_default stacking_default\"><div class=\"wpb_column vc_column_container\"><div class=\"vc_column-inner\">[vc_custom_heading text=\u00bbTRABAJANDO CON NOSOTROS\u00bb font_container=\u00bbtag:h3|text_align:left\u00bb use_theme_fonts=\u00bbyes\u00bb]<div class=\"wpb_text_column\"><div class=\"wpb_wrapper\"><p>En Ikagasteiz contamos con m\u00e1s de 35 a\u00f1os de experiencia en la euskaldunizaci\u00f3n de personas adultas, tanto en los euskaltegis que tenemos en Vitoria-Gasteiz como en las administraciones vascas (Gobierno Vasco, Parlamento Vasco, Diputaci\u00f3n Foral de \u00c1lava, Ayuntamiento de Vitoria-Gasteiz y Ertzaintza), as\u00ed como en diferentes empresas (El Corte Ingl\u00e9s, Mutualia\u2026).<\/p>\n<p>Ikas eta Ari es nuestro lema. Estas dos palabras son la naturaleza y la esencia de nuestra ense\u00f1anza: aprender para hablar en euskera, y aprender en euskera. Y as\u00ed se refleja en nuestra elecci\u00f3n metodol\u00f3gica y en toda la pr\u00e1ctica, porque hemos intentado poner en pr\u00e1ctica este lema en todos los \u00e1mbitos que hemos abordado, tambi\u00e9n en el mundo laboral. Al mundo laboral, adem\u00e1s, se le adapta especialmente nuestro m\u00e9todo y nuestro objetivo: aprender utilizando; es decir, asociar estrechamente el conocimiento al uso.<\/p>\n<\/div><\/div><\/div><\/div><div class=\"wpb_column vc_column_container\"><div class=\"vc_column-inner\"><div class=\"w-separator size_medium\"><\/div><div class=\"w-image align_none\"><a ref=\"magnificPopup\" href=\"https:\/\/gasteiz.ika.eus\/wp-content\/uploads\/sites\/2\/2022\/07\/E6A5349-scaled.jpg\" aria-label=\"_E6A5349\" class=\"w-image-h\"><img decoding=\"async\" width=\"2560\" height=\"1707\" src=\"https:\/\/gasteiz.ika.eus\/wp-content\/uploads\/sites\/2\/2022\/07\/E6A5349-scaled.jpg\" class=\"attachment-full size-full\" alt=\"\" loading=\"lazy\" srcset=\"https:\/\/gasteiz.ika.eus\/wp-content\/uploads\/sites\/2\/2022\/07\/E6A5349-scaled.jpg 2560w, https:\/\/gasteiz.ika.eus\/wp-content\/uploads\/sites\/2\/2022\/07\/E6A5349-300x200.jpg 300w, https:\/\/gasteiz.ika.eus\/wp-content\/uploads\/sites\/2\/2022\/07\/E6A5349-1024x683.jpg 1024w, https:\/\/gasteiz.ika.eus\/wp-content\/uploads\/sites\/2\/2022\/07\/E6A5349-150x100.jpg 150w, https:\/\/gasteiz.ika.eus\/wp-content\/uploads\/sites\/2\/2022\/07\/E6A5349-90x60.jpg 90w\" sizes=\"auto, (max-width: 2560px) 100vw, 2560px\" \/><\/a><\/div><\/div><\/div><\/div><\/div><\/section><section class=\"l-section wpb_row us_custom_0d15be52 height_medium\"><div class=\"l-section-h i-cf\"><div class=\"g-cols vc_row via_grid cols_1-2 laptops-cols_inherit tablets-cols_inherit mobiles-cols_1 valign_top type_default stacking_default\"><div class=\"wpb_column vc_column_container\"><div class=\"vc_column-inner\"><div class=\"w-separator size_medium\"><\/div><div class=\"w-separator size_medium\"><\/div><div class=\"w-image align_none\"><a ref=\"magnificPopup\" href=\"https:\/\/gasteiz.ika.eus\/wp-content\/uploads\/sites\/2\/2022\/07\/E6A5308-scaled.jpg\" aria-label=\"_E6A5308\" class=\"w-image-h\"><img decoding=\"async\" width=\"2560\" height=\"1707\" src=\"https:\/\/gasteiz.ika.eus\/wp-content\/uploads\/sites\/2\/2022\/07\/E6A5308-scaled.jpg\" class=\"attachment-full size-full\" alt=\"\" loading=\"lazy\" srcset=\"https:\/\/gasteiz.ika.eus\/wp-content\/uploads\/sites\/2\/2022\/07\/E6A5308-scaled.jpg 2560w, https:\/\/gasteiz.ika.eus\/wp-content\/uploads\/sites\/2\/2022\/07\/E6A5308-300x200.jpg 300w, https:\/\/gasteiz.ika.eus\/wp-content\/uploads\/sites\/2\/2022\/07\/E6A5308-1024x683.jpg 1024w, https:\/\/gasteiz.ika.eus\/wp-content\/uploads\/sites\/2\/2022\/07\/E6A5308-150x100.jpg 150w, https:\/\/gasteiz.ika.eus\/wp-content\/uploads\/sites\/2\/2022\/07\/E6A5308-90x60.jpg 90w\" sizes=\"auto, (max-width: 2560px) 100vw, 2560px\" \/><\/a><\/div><\/div><\/div><div class=\"wpb_column vc_column_container\"><div class=\"vc_column-inner\">[vc_custom_heading text=\u00bbPROGRAMA DE CAPACITACI\u00d3N DE EUSKERA\u00bb font_container=\u00bbtag:h3|text_align:left\u00bb use_theme_fonts=\u00bbyes\u00bb]<div class=\"wpb_text_column\"><div class=\"wpb_wrapper\"><p>El objetivo de este programa es contribuir\u00a0 en el uso del euskera tanto como lengua de servicio como lengua de trabajo en el ambiente laboral. El objetivo principal es trabajar en euskera o poder ofrecer el servicio en euskera. Para ello, la formaci\u00f3n puede ser individual o grupal, pero lo habitual es que sea grupal. Podr\u00e1 agruparse el personal de la empresa del mismo nivel o que participen en un mismo proceso. Se establecer\u00e1n objetivos concretos y alcanzables (realizaci\u00f3n de tareas concretas en euskera), y la formaci\u00f3n se orientar\u00e1 a desarrollar dicha funci\u00f3n en euskera.<\/p>\n<p>En funci\u00f3n de las necesidades de las organizaciones y empresas, ofrecemos modelos de formaci\u00f3n planteados de muchas maneras; pero, en general, se reciben dos tipos de sesiones: por un lado, la formaci\u00f3n grupal o com\u00fan y, por otro, la individual. En la grupal se atender\u00e1 a la funci\u00f3n com\u00fan y en la individual a las necesidades de cada persona competente para realizar su trabajo en euskera.<\/p>\n<\/div><\/div><\/div><\/div><\/div><\/div><\/section>\n","protected":false},"excerpt":{"rendered":"[vc_custom_heading text=\"TRABAJANDO CON NOSOTROS\" font_container=\"tag:h3|text_align:left\" use_theme_fonts=\"yes\"]En Ikagasteiz contamos con m\u00e1s de 35 a\u00f1os de experiencia en la euskaldunizaci\u00f3n de personas adultas, tanto en los euskaltegis que tenemos en Vitoria-Gasteiz como en las administraciones vascas (Gobierno Vasco, Parlamento Vasco, Diputaci\u00f3n Foral de \u00c1lava, Ayuntamiento de Vitoria-Gasteiz y Ertzaintza), as\u00ed como en diferentes empresas (El Corte Ingl\u00e9s,...","protected":false},"author":1,"featured_media":0,"parent":449,"menu_order":0,"comment_status":"closed","ping_status":"closed","template":"","meta":{"_acf_changed":false,"footnotes":""},"class_list":["post-363","page","type-page","status-publish","hentry"],"acf":[],"_links":{"self":[{"href":"https:\/\/gasteiz.ika.eus\/es\/wp-json\/wp\/v2\/pages\/363","targetHints":{"allow":["GET"]}}],"collection":[{"href":"https:\/\/gasteiz.ika.eus\/es\/wp-json\/wp\/v2\/pages"}],"about":[{"href":"https:\/\/gasteiz.ika.eus\/es\/wp-json\/wp\/v2\/types\/page"}],"author":[{"embeddable":true,"href":"https:\/\/gasteiz.ika.eus\/es\/wp-json\/wp\/v2\/users\/1"}],"replies":[{"embeddable":true,"href":"https:\/\/gasteiz.ika.eus\/es\/wp-json\/wp\/v2\/comments?post=363"}],"version-history":[{"count":7,"href":"https:\/\/gasteiz.ika.eus\/es\/wp-json\/wp\/v2\/pages\/363\/revisions"}],"predecessor-version":[{"id":2456,"href":"https:\/\/gasteiz.ika.eus\/es\/wp-json\/wp\/v2\/pages\/363\/revisions\/2456"}],"up":[{"embeddable":true,"href":"https:\/\/gasteiz.ika.eus\/es\/wp-json\/wp\/v2\/pages\/449"}],"wp:attachment":[{"href":"https:\/\/gasteiz.ika.eus\/es\/wp-json\/wp\/v2\/media?parent=363"}],"curies":[{"name":"wp","href":"https:\/\/api.w.org\/{rel}","templated":true}]}}