{"id":367,"date":"2022-07-05T12:22:57","date_gmt":"2022-07-05T11:22:57","guid":{"rendered":"https:\/\/gasteiz.ika.eus\/?page_id=367"},"modified":"2025-12-09T09:44:10","modified_gmt":"2025-12-09T08:44:10","slug":"centros-escolares","status":"publish","type":"page","link":"https:\/\/gasteiz.ika.eus\/es\/servicios\/centros-escolares\/","title":{"rendered":"Centros escolares"},"content":{"rendered":"<section class=\"l-section wpb_row height_medium\"><div class=\"l-section-h i-cf\"><div class=\"g-cols vc_row via_grid cols_2 laptops-cols_inherit tablets-cols_inherit mobiles-cols_1 valign_top type_default stacking_default\"><div class=\"wpb_column vc_column_container\"><div class=\"vc_column-inner\"><div class=\"wpb_text_column\"><div class=\"wpb_wrapper\"><p>Las personas que tengan de 16 a 18 a\u00f1os pueden realizar a muy bajo precio cualquier curso del nivel C1.<\/p>\n<p><strong>DE OCTUBRE A JUNIO<\/strong><\/p>\n<p>Existen dos opciones:<\/p>\n<ul>\n<li>Formar un grupo con el alumnado del centro. El grupo tendr\u00e1 un m\u00ednimo de 9 estudiantes y un m\u00e1ximo de 18. El curso deber\u00e1 tener una duraci\u00f3n m\u00ednima de <strong>3 meses<\/strong> y una duraci\u00f3n m\u00ednima de <strong>40 horas<\/strong>. Las clases ser\u00e1n en el propio centro.<\/li>\n<li>Matriculaci\u00f3n en grupos de euskaltegi. Ver las ofertas de octubre y febrero en esta misma web.<\/li>\n<\/ul>\n<p><strong>JUNIO\/JULIO\/AGOSTO\/SEPTIEMBRE<\/strong><\/p>\n<p>Existen dos opciones:<\/p>\n<ul>\n<li>Formar un grupo con el alumnado del centro en <strong>junio<\/strong>. El grupo tendr\u00e1 un m\u00ednimo de 9 estudiantes y un m\u00e1ximo de 18, y un <strong>m\u00ednimo de 80<\/strong> horas de curso. Las clases ser\u00e1n en el propio centro.<\/li>\n<li>Matricularse en grupos de euskaltegi, en cursos intensivos de <strong>100 horas<\/strong> de <strong>junio a septiembre<\/strong>. Consulta la oferta de verano en nuestra web: www.gasteiz.ika.eus<\/li>\n<\/ul>\n<\/div><\/div><\/div><\/div><div class=\"wpb_column vc_column_container\"><div class=\"vc_column-inner\"><div class=\"w-separator size_small\"><\/div><div class=\"w-separator size_small\"><\/div><div class=\"w-separator size_small\"><\/div><div class=\"w-separator size_small\"><\/div><div class=\"w-separator size_small\"><\/div><div class=\"w-separator size_small\"><\/div><div class=\"w-separator size_small\"><\/div><div class=\"w-image align_none\"><div class=\"w-image-h\"><img decoding=\"async\" width=\"1024\" height=\"683\" src=\"https:\/\/gasteiz.ika.eus\/wp-content\/uploads\/sites\/2\/2025\/01\/E6A5701-1024x683.jpg\" class=\"attachment-large size-large\" alt=\"\" loading=\"lazy\" srcset=\"https:\/\/gasteiz.ika.eus\/wp-content\/uploads\/sites\/2\/2025\/01\/E6A5701-1024x683.jpg 1024w, https:\/\/gasteiz.ika.eus\/wp-content\/uploads\/sites\/2\/2025\/01\/E6A5701-900x600.jpg 900w, https:\/\/gasteiz.ika.eus\/wp-content\/uploads\/sites\/2\/2025\/01\/E6A5701-90x60.jpg 90w\" sizes=\"auto, (max-width: 1024px) 100vw, 1024px\" \/><\/div><\/div><\/div><\/div><\/div><\/div><\/section>\n","protected":false},"excerpt":{"rendered":"Las personas que tengan de 16 a 18 a\u00f1os pueden realizar a muy bajo precio cualquier curso del nivel C1. DE OCTUBRE A JUNIO Existen dos opciones: Formar un grupo con el alumnado del centro. El grupo tendr\u00e1 un m\u00ednimo de 9 estudiantes y un m\u00e1ximo de 18. El curso deber\u00e1 tener una duraci\u00f3n m\u00ednima...","protected":false},"author":1,"featured_media":0,"parent":449,"menu_order":0,"comment_status":"closed","ping_status":"closed","template":"","meta":{"_acf_changed":false,"footnotes":""},"class_list":["post-367","page","type-page","status-publish","hentry"],"acf":[],"_links":{"self":[{"href":"https:\/\/gasteiz.ika.eus\/es\/wp-json\/wp\/v2\/pages\/367","targetHints":{"allow":["GET"]}}],"collection":[{"href":"https:\/\/gasteiz.ika.eus\/es\/wp-json\/wp\/v2\/pages"}],"about":[{"href":"https:\/\/gasteiz.ika.eus\/es\/wp-json\/wp\/v2\/types\/page"}],"author":[{"embeddable":true,"href":"https:\/\/gasteiz.ika.eus\/es\/wp-json\/wp\/v2\/users\/1"}],"replies":[{"embeddable":true,"href":"https:\/\/gasteiz.ika.eus\/es\/wp-json\/wp\/v2\/comments?post=367"}],"version-history":[{"count":11,"href":"https:\/\/gasteiz.ika.eus\/es\/wp-json\/wp\/v2\/pages\/367\/revisions"}],"predecessor-version":[{"id":2457,"href":"https:\/\/gasteiz.ika.eus\/es\/wp-json\/wp\/v2\/pages\/367\/revisions\/2457"}],"up":[{"embeddable":true,"href":"https:\/\/gasteiz.ika.eus\/es\/wp-json\/wp\/v2\/pages\/449"}],"wp:attachment":[{"href":"https:\/\/gasteiz.ika.eus\/es\/wp-json\/wp\/v2\/media?parent=367"}],"curies":[{"name":"wp","href":"https:\/\/api.w.org\/{rel}","templated":true}]}}