{"id":400,"date":"2022-07-05T12:25:33","date_gmt":"2022-07-05T11:25:33","guid":{"rendered":"https:\/\/gasteiz.ika.eus\/?page_id=400"},"modified":"2025-12-09T10:19:44","modified_gmt":"2025-12-09T09:19:44","slug":"informacion-util","status":"publish","type":"page","link":"https:\/\/gasteiz.ika.eus\/es\/alumnado\/informacion-util\/","title":{"rendered":"Informaci\u00f3n \u00fatil"},"content":{"rendered":"<section class=\"l-section wpb_row height_medium\"><div class=\"l-section-h i-cf\"><div class=\"g-cols vc_row via_grid cols_1 laptops-cols_inherit tablets-cols_inherit mobiles-cols_1 valign_top type_default stacking_default\"><div class=\"wpb_column vc_column_container\"><div class=\"vc_column-inner\"><div class=\"w-tabs us_custom_0d15be52 style_default switch_click accordion has_scrolling\" style=\"--sections-title-size:inherit\"><div class=\"w-tabs-sections titles-align_none icon_chevron cpos_right\"><div class=\"w-tabs-section\" id=\"jcd2\"><button class=\"w-tabs-section-header\" aria-controls=\"content-jcd2\" aria-expanded=\"false\"><h2 class=\"w-tabs-section-title\">HOJAS INFORMATIVAS<\/h2><div class=\"w-tabs-section-control\"><\/div><\/button><div  class=\"w-tabs-section-content\" id=\"content-jcd2\"><div class=\"w-tabs-section-content-h i-cf\"><div class=\"wpb_text_column\"><div class=\"wpb_wrapper\"><p><strong>Aqu\u00ed puedes leer las hojas informativas de los cursos que ofrecemos en IKA Gasteiz<\/strong><\/p>\n<p><a href=\"https:\/\/gasteiz.ika.eus\/es\/informacion\/hoja-de-informacion-de-los-cursos-de-octubre-a-junio\/\"><strong>Cursos de octubre a junio<\/strong><\/a><\/p>\n<p><strong><a href=\"https:\/\/gasteiz.ika.eus\/es\/hoja-de-informacion-de-los-cursos-de-febrero-a-junio\/\">Cursos de febrero a junio<\/a><\/strong><\/p>\n<p><a href=\"https:\/\/gasteiz.ika.eus\/es\/hoja-de-informacion-de-los-cursos-de-verano\/\"><strong>Cursos de verano<\/strong><\/a><\/p>\n<\/div><\/div><\/div><\/div><\/div><div class=\"w-tabs-section\" id=\"xdf1\"><button class=\"w-tabs-section-header\" aria-controls=\"content-xdf1\" aria-expanded=\"false\"><h2 class=\"w-tabs-section-title\">PROTECCI\u00d3N DE DATOS<\/h2><div class=\"w-tabs-section-control\"><\/div><\/button><div  class=\"w-tabs-section-content\" id=\"content-xdf1\"><div class=\"w-tabs-section-content-h i-cf\"><div class=\"wpb_text_column\"><div class=\"wpb_wrapper\"><p><strong>M\u00e1s informaci\u00f3n <a href=\"https:\/\/matrikulazioa.ika.eus\/es\/aviso-legal\">aqu\u00ed<\/a><\/strong><\/p>\n<\/div><\/div><\/div><\/div><\/div><div class=\"w-tabs-section\" id=\"leef\"><button class=\"w-tabs-section-header\" aria-controls=\"content-leef\" aria-expanded=\"false\"><h2 class=\"w-tabs-section-title\">POL\u00cdTICA DE PRIVACIDAD<\/h2><div class=\"w-tabs-section-control\"><\/div><\/button><div  class=\"w-tabs-section-content\" id=\"content-leef\"><div class=\"w-tabs-section-content-h i-cf\"><div class=\"wpb_text_column\"><div class=\"wpb_wrapper\"><p><b>M\u00e1s informaci\u00f3n <a href=\"https:\/\/gasteiz.ika.eus\/es\/politica-de-privacidad\/\" target=\"_blank\" rel=\"noopener\">aqu\u00ed<\/a><\/b><\/p>\n<\/div><\/div><\/div><\/div><\/div><div class=\"w-tabs-section\" id=\"jff1\"><button class=\"w-tabs-section-header\" aria-controls=\"content-jff1\" aria-expanded=\"false\"><h2 class=\"w-tabs-section-title\">BASE DE DATOS DE HABE<\/h2><div class=\"w-tabs-section-control\"><\/div><\/button><div  class=\"w-tabs-section-content\" id=\"content-jff1\"><div class=\"w-tabs-section-content-h i-cf\"><div class=\"wpb_text_column\"><div class=\"wpb_wrapper\"><p>El itinerario realizado en tu propio proceso de aprendizaje (d\u00f3nde y cu\u00e1ndo has estado, qu\u00e9 nivel has cursado y superado, qu\u00e9 punto de partida tienes ahora) puedes consultarlos en la <a href=\"https:\/\/www.habe.euskadi.eus\/inicio\/\" target=\"_blank\" rel=\"noopener\">p\u00e1gina web de HABE<\/a>. Para ello, accede a INICIO SESI\u00d3N y escribe usuario y contrase\u00f1a (si no la has modificado, DNI sin letra). Tambi\u00e9n se puede consultar la valoraci\u00f3n de final del curso: si has superado el nivel, qu\u00e9 haces mejor, cu\u00e1les son los puntos d\u00e9biles, c\u00f3mo mejorar estos \u00faltimos<\/p>\n<p>Por otro lado, para formalizar la matr\u00edcula del examen y ver el resultado obtenido, o para solicitar la documentaci\u00f3n, habr\u00eda que hacerlo por el mismo medio.<\/p>\n<\/div><\/div><\/div><\/div><\/div><\/div><\/div><\/div><\/div><\/div><\/div><\/section>\n","protected":false},"excerpt":{"rendered":"HOJAS INFORMATIVASAqu\u00ed puedes leer las hojas informativas de los cursos que ofrecemos en IKA Gasteiz Cursos de octubre a junio Cursos de febrero a junio Cursos de verano PROTECCI\u00d3N DE DATOSM\u00e1s informaci\u00f3n aqu\u00ed POL\u00cdTICA DE PRIVACIDADM\u00e1s informaci\u00f3n aqu\u00ed BASE DE DATOS DE HABEEl itinerario realizado en tu propio proceso de aprendizaje (d\u00f3nde y cu\u00e1ndo has...","protected":false},"author":1,"featured_media":0,"parent":397,"menu_order":0,"comment_status":"closed","ping_status":"closed","template":"","meta":{"_acf_changed":false,"footnotes":""},"class_list":["post-400","page","type-page","status-publish","hentry"],"acf":[],"_links":{"self":[{"href":"https:\/\/gasteiz.ika.eus\/es\/wp-json\/wp\/v2\/pages\/400","targetHints":{"allow":["GET"]}}],"collection":[{"href":"https:\/\/gasteiz.ika.eus\/es\/wp-json\/wp\/v2\/pages"}],"about":[{"href":"https:\/\/gasteiz.ika.eus\/es\/wp-json\/wp\/v2\/types\/page"}],"author":[{"embeddable":true,"href":"https:\/\/gasteiz.ika.eus\/es\/wp-json\/wp\/v2\/users\/1"}],"replies":[{"embeddable":true,"href":"https:\/\/gasteiz.ika.eus\/es\/wp-json\/wp\/v2\/comments?post=400"}],"version-history":[{"count":16,"href":"https:\/\/gasteiz.ika.eus\/es\/wp-json\/wp\/v2\/pages\/400\/revisions"}],"predecessor-version":[{"id":2462,"href":"https:\/\/gasteiz.ika.eus\/es\/wp-json\/wp\/v2\/pages\/400\/revisions\/2462"}],"up":[{"embeddable":true,"href":"https:\/\/gasteiz.ika.eus\/es\/wp-json\/wp\/v2\/pages\/397"}],"wp:attachment":[{"href":"https:\/\/gasteiz.ika.eus\/es\/wp-json\/wp\/v2\/media?parent=400"}],"curies":[{"name":"wp","href":"https:\/\/api.w.org\/{rel}","templated":true}]}}