{"id":429,"date":"2022-07-05T12:25:09","date_gmt":"2022-07-05T11:25:09","guid":{"rendered":"https:\/\/gasteiz.ika.eus\/?page_id=429"},"modified":"2025-11-18T11:05:09","modified_gmt":"2025-11-18T10:05:09","slug":"descuentos-y-ayudas","status":"publish","type":"page","link":"https:\/\/gasteiz.ika.eus\/es\/informacion\/descuentos-y-ayudas\/","title":{"rendered":"Descuentos y ayudas"},"content":{"rendered":"<section class=\"l-section wpb_row height_medium\"><div class=\"l-section-h i-cf\"><div class=\"g-cols vc_row via_grid cols_1 laptops-cols_inherit tablets-cols_inherit mobiles-cols_1 valign_top type_default stacking_default\"><div class=\"wpb_column vc_column_container\"><div class=\"vc_column-inner\"><div class=\"w-tabs us_custom_0d15be52 style_default switch_click accordion has_scrolling\" style=\"--sections-title-size:inherit\"><div class=\"w-tabs-sections titles-align_none icon_chevron cpos_right\"><div class=\"w-tabs-section\" id=\"w5fd\"><button class=\"w-tabs-section-header\" aria-controls=\"content-w5fd\" aria-expanded=\"false\"><div class=\"w-tabs-section-title\"><strong>ESTUDIAR A1 Y A2 AHORA ES M\u00c1S BARATO<\/strong><\/div><div class=\"w-tabs-section-control\"><\/div><\/button><div  class=\"w-tabs-section-content\" id=\"content-w5fd\"><div class=\"w-tabs-section-content-h i-cf\"><div class=\"wpb_text_column\"><div class=\"wpb_wrapper\"><p>Todos los cursos de A1 y A2 son ahora m\u00e1s baratos. <a href=\"https:\/\/gasteiz.ika.eus\/es\/febrero-de-2026\/\">CONSULTA AQUI NUESTRA OFERTA<\/a><\/p>\n<\/div><\/div><\/div><\/div><\/div><div class=\"w-tabs-section\" id=\"w750\"><button class=\"w-tabs-section-header\" aria-controls=\"content-w750\" aria-expanded=\"false\"><div class=\"w-tabs-section-title\"><strong>NIVEL C1 (16-18 A\u00d1OS)<\/strong><\/div><div class=\"w-tabs-section-control\"><\/div><\/button><div  class=\"w-tabs-section-content\" id=\"content-w750\"><div class=\"w-tabs-section-content-h i-cf\"><div class=\"wpb_text_column\"><div class=\"wpb_wrapper\"><p>Si tienes entre 16 y 18 a\u00f1os, tendr\u00e1s interesantes descuentos. <a href=\"https:\/\/gasteiz.ika.eus\/es\/oferta-para-personas-de-entre-16-y-18-anos\/\">M\u00e1s informaci\u00f3n.<\/a><\/p>\n<\/div><\/div><\/div><\/div><\/div><div class=\"w-tabs-section\" id=\"o88d\"><button class=\"w-tabs-section-header\" aria-controls=\"content-o88d\" aria-expanded=\"false\"><div class=\"w-tabs-section-title\"><strong>SUBVENCIONES QUE PUEDEN PEDIRSE AL HACER LA MATR\u00cdCULA<\/strong><\/div><div class=\"w-tabs-section-control\"><\/div><\/button><div  class=\"w-tabs-section-content\" id=\"content-o88d\"><div class=\"w-tabs-section-content-h i-cf\"><div class=\"wpb_text_column\"><div class=\"wpb_wrapper\"><p>Informaci\u00f3n sobre los dem\u00e1s descuentos. <a href=\"https:\/\/matrikulazioa.ika.eus\/es\/descuentos-y-subvenciones\">AQU\u00cd.<\/a><\/p>\n<\/div><\/div><\/div><\/div><\/div><div class=\"w-tabs-section\" id=\"b9da\"><button class=\"w-tabs-section-header\" aria-controls=\"content-b9da\" aria-expanded=\"false\"><div class=\"w-tabs-section-title\"><strong>SUBVENCIONES QUE SE PIDEN UNA VEZ FINALIZADO EL CURSO<\/strong><\/div><div class=\"w-tabs-section-control\"><\/div><\/button><div  class=\"w-tabs-section-content\" id=\"content-b9da\"><div class=\"w-tabs-section-content-h i-cf\"><div class=\"wpb_text_column\"><div class=\"wpb_wrapper\"><ul>\n<li><a href=\"https:\/\/sedeelectronica.vitoria-gasteiz.org\/portal\/es\/w\/solicitud-de-ayudas-para-estudiar-euskera-2445155\">Ayuntamiento de Vitoria-Gasteiz<\/a><\/li>\n<li><a href=\"https:\/\/www.habe.euskadi.eus\/ayuda_subvencion\/2025\/subvenciones-de-2025-para-estudiantes-de-euskera\/webhabe00-tramiteak\/es\/\">HABE<\/a><\/li>\n<\/ul>\n<\/div><\/div><\/div><\/div><\/div><div class=\"w-tabs-section\" id=\"nb12\"><button class=\"w-tabs-section-header\" aria-controls=\"content-nb12\" aria-expanded=\"false\"><div class=\"w-tabs-section-title\"><strong>SUBVENCIONES QUE PUEDEN PEDIRSE A LO LARGO DEL CURSO<\/strong><\/div><div class=\"w-tabs-section-control\"><\/div><\/button><div  class=\"w-tabs-section-content\" id=\"content-nb12\"><div class=\"w-tabs-section-content-h i-cf\"><div class=\"wpb_text_column\"><div class=\"wpb_wrapper\"><p><a href=\"https:\/\/www.camaradealava.com\/es\/ayuda-para-estudiar-euskera\">C\u00e1mara de \u00c1lava<\/a><\/p>\n<\/div><\/div><\/div><\/div><\/div><\/div><\/div><\/div><\/div><\/div><\/div><\/section>\n","protected":false},"excerpt":{"rendered":"ESTUDIAR A1 Y A2 AHORA ES M\u00c1S BARATOTodos los cursos de A1 y A2 son ahora m\u00e1s baratos. CONSULTA AQUI NUESTRA OFERTA NIVEL C1 (16-18 A\u00d1OS)Si tienes entre 16 y 18 a\u00f1os, tendr\u00e1s interesantes descuentos. M\u00e1s informaci\u00f3n. SUBVENCIONES QUE PUEDEN PEDIRSE AL HACER LA MATR\u00cdCULAInformaci\u00f3n sobre los dem\u00e1s descuentos. AQU\u00cd. SUBVENCIONES QUE SE PIDEN UNA...","protected":false},"author":1,"featured_media":0,"parent":426,"menu_order":0,"comment_status":"closed","ping_status":"closed","template":"","meta":{"_acf_changed":false,"footnotes":""},"class_list":["post-429","page","type-page","status-publish","hentry"],"acf":[],"_links":{"self":[{"href":"https:\/\/gasteiz.ika.eus\/es\/wp-json\/wp\/v2\/pages\/429","targetHints":{"allow":["GET"]}}],"collection":[{"href":"https:\/\/gasteiz.ika.eus\/es\/wp-json\/wp\/v2\/pages"}],"about":[{"href":"https:\/\/gasteiz.ika.eus\/es\/wp-json\/wp\/v2\/types\/page"}],"author":[{"embeddable":true,"href":"https:\/\/gasteiz.ika.eus\/es\/wp-json\/wp\/v2\/users\/1"}],"replies":[{"embeddable":true,"href":"https:\/\/gasteiz.ika.eus\/es\/wp-json\/wp\/v2\/comments?post=429"}],"version-history":[{"count":35,"href":"https:\/\/gasteiz.ika.eus\/es\/wp-json\/wp\/v2\/pages\/429\/revisions"}],"predecessor-version":[{"id":2438,"href":"https:\/\/gasteiz.ika.eus\/es\/wp-json\/wp\/v2\/pages\/429\/revisions\/2438"}],"up":[{"embeddable":true,"href":"https:\/\/gasteiz.ika.eus\/es\/wp-json\/wp\/v2\/pages\/426"}],"wp:attachment":[{"href":"https:\/\/gasteiz.ika.eus\/es\/wp-json\/wp\/v2\/media?parent=429"}],"curies":[{"name":"wp","href":"https:\/\/api.w.org\/{rel}","templated":true}]}}