{"id":446,"date":"2022-07-13T19:58:19","date_gmt":"2022-07-13T18:58:19","guid":{"rendered":"https:\/\/gasteiz.ika.eus\/?page_id=446"},"modified":"2022-08-31T12:58:33","modified_gmt":"2022-08-31T11:58:33","slug":"politica-de-privacidad","status":"publish","type":"page","link":"https:\/\/gasteiz.ika.eus\/es\/politica-de-privacidad\/","title":{"rendered":"Pol\u00edtica de privacidad"},"content":{"rendered":"<section class=\"l-section wpb_row height_medium\"><div class=\"l-section-h i-cf\"><div class=\"g-cols vc_row via_grid cols_1 laptops-cols_inherit tablets-cols_inherit mobiles-cols_1 valign_top type_default stacking_default\"><div class=\"wpb_column vc_column_container\"><div class=\"vc_column-inner\"><div class=\"wpb_text_column\"><div class=\"wpb_wrapper\"><p>La presente pol\u00edtica de privacidad tiene por objeto informar sobre los tratamientos de datos personales en este sitio web y describir los derechos de asistencia a los interesados, de conformidad con el Reglamento (UE) n.\u00ba 679\/2016 del Parlamento Europeo y del Consejo, de 27 de abril de 2016, sobre la protecci\u00f3n de las personas f\u00edsicas y la libre circulaci\u00f3n de estos datos en lo que respecta al tratamiento de datos personales y la protecci\u00f3n de los datos personales y garant\u00eda de los derechos digitales, de conformidad con la Ley Org\u00e1nica 3\/2018, de 5 de diciembre.<\/p>\n<h3>\u00bfQUI\u00c9N ES EL RESPONSABLE DEL TRATAMIENTO DE SUS DATOS PERSONALES?<\/h3>\n<p>Asociaci\u00f3n CULTURAL ARDATZ (ikagasteiz)<br \/>\nCIF: G01052042<br \/>\nDirecci\u00f3n: Adriano VI 18, bajo (01008 Vitoria-Gasteiz)<br \/>\nTel\u00e9fono: +34 945 154790<br \/>\nCorreo electr\u00f3nico: Zuzendaritza@ika.eus<\/p>\n<h3>\u00bfCON QU\u00c9 FINALIDAD RECOGEMOS SUS DATOS?<\/h3>\n<p>Ardatz KULTUR ELKARTEA utilizar\u00e1 estos datos para proveer de servicios a sus clientes de la mejor forma posible.<\/p>\n<h3>\u00bfPOR CU\u00c1NTO TIEMPO SE CONSERVAR\u00c1N LOS DATOS?<\/h3>\n<p>Mientras no ordenes la retirada de tus datos se guardar\u00e1n en el fichero de ARDATZ KULTUR ELKARTEA.<\/p>\n<h3>\u00bfQU\u00c9 NOS LEGITIMA A UTILIZAR SUS DATOS?<\/h3>\n<p>La base legal para el tratamiento de los datos recogidos a trav\u00e9s de la p\u00e1gina web de ARDATZ KULTUR ELKARTEA es la siguiente:<\/p>\n<p>1. Su consentimiento expreso en el momento de la inscripci\u00f3n.<\/p>\n<h3>\u00bfA QUI\u00c9N SE LE CEDER\u00c1N SUS DATOS?<\/h3>\n<p>Ardatz KULTUR ELKARTEA no ceder\u00e1 estos datos a terceros.<\/p>\n<h3>\u00bfCU\u00c1LES SON SUS DERECHOS CUANDO NOS FACILITA SUS DATOS PERSONALES?<\/h3>\n<p>El facilitador de datos podr\u00e1 ejercer los siguientes derechos sobre los datos facilitados:<\/p>\n<p>Derecho de acceso: el donante podr\u00e1 solicitar a ARDATZ KULTUR ELKARTEA los datos facilitados para confirmar si est\u00e1 realizando o no el tratamiento de sus datos personales.<\/p>\n<p>Derecho a la rectificaci\u00f3n: el donante podr\u00e1 solicitar la rectificaci\u00f3n de sus datos personales a ARDATZ KULTUR ELKARTEA, si \u00e9stos no son correctos o no est\u00e1n correctamente completados.<\/p>\n<p>Derecho de supresi\u00f3n: el facilitador de datos podr\u00e1 solicitar a ARDATZ KULTUR ELKARTEA la supresi\u00f3n de sus datos personales, entre otros, cuando ya no sean necesarios para la finalidad para la que fueron recabados.<\/p>\n<p>Derecho de oposici\u00f3n: el donante puede oponerse al tratamiento de sus datos personales a ARDATZ KULTUR ELKARTEA. En este caso, ARDATZ KULTUR ELKARTEA s\u00f3lo los conservar\u00e1 para realizar o proteger sus reclamaciones.<\/p>\n<p>Derecho a limitar el tratamiento: el donante podr\u00e1 solicitar a ARDATZ KULTUR ELKARTEA que no utilice sus datos personales de forma provisional y para usos espec\u00edficos. En este caso, ARDATZ KULTUR ELKARTEA s\u00f3lo los conservar\u00e1 para realizar o proteger sus reclamaciones.<\/p>\n<p>Derecho de portabilidad: el donante podr\u00e1 solicitar a ARDATZ KULTUR ELKARTEA que facilite sus datos en un formato estructurado y f\u00e1cilmente accesible. Asimismo, podr\u00e1 requerir la cesi\u00f3n de sus datos a otro responsable.<\/p>\n<p>Derecho a revocar el consentimiento: si los datos personales han sido obtenidos con consentimiento expreso, el revelador tendr\u00e1 derecho a revocar dicho consentimiento en cualquier momento.<\/p>\n<p>Derecho a presentar reclamaciones: el donante tendr\u00e1 derecho a presentar una reclamaci\u00f3n ante la Agencia Espa\u00f1ola de Protecci\u00f3n de Datos, especialmente si considera que el ejercicio de sus derechos no ha sido el adecuado. Esta reclamaci\u00f3n puede realizarse por v\u00eda telem\u00e1tica, a trav\u00e9s de la sede electr\u00f3nica (www.agpd.es) o dirigi\u00e9ndose a la direcci\u00f3n postal (C\/Jorge Juan, 6, 28001-Madrid)<\/p>\n<p>Para el ejercicio de cualquiera de los derechos mencionados, el facilitador de datos podr\u00e1 dirigirse a la direcci\u00f3n postal o electr\u00f3nica de ARDATZ KULTUR ELKARTEA, aportando copia de su DNI para la comprobaci\u00f3n de su identidad.<\/p>\n<\/div><\/div><\/div><\/div><\/div><\/div><\/section>\n","protected":false},"excerpt":{"rendered":"La presente pol\u00edtica de privacidad tiene por objeto informar sobre los tratamientos de datos personales en este sitio web y describir los derechos de asistencia a los interesados, de conformidad con el Reglamento (UE) n.\u00ba 679\/2016 del Parlamento Europeo y del Consejo, de 27 de abril de 2016, sobre la protecci\u00f3n de las personas f\u00edsicas...","protected":false},"author":1,"featured_media":0,"parent":0,"menu_order":0,"comment_status":"closed","ping_status":"closed","template":"","meta":{"_acf_changed":false,"footnotes":""},"class_list":["post-446","page","type-page","status-publish","hentry"],"acf":[],"_links":{"self":[{"href":"https:\/\/gasteiz.ika.eus\/es\/wp-json\/wp\/v2\/pages\/446","targetHints":{"allow":["GET"]}}],"collection":[{"href":"https:\/\/gasteiz.ika.eus\/es\/wp-json\/wp\/v2\/pages"}],"about":[{"href":"https:\/\/gasteiz.ika.eus\/es\/wp-json\/wp\/v2\/types\/page"}],"author":[{"embeddable":true,"href":"https:\/\/gasteiz.ika.eus\/es\/wp-json\/wp\/v2\/users\/1"}],"replies":[{"embeddable":true,"href":"https:\/\/gasteiz.ika.eus\/es\/wp-json\/wp\/v2\/comments?post=446"}],"version-history":[{"count":3,"href":"https:\/\/gasteiz.ika.eus\/es\/wp-json\/wp\/v2\/pages\/446\/revisions"}],"predecessor-version":[{"id":611,"href":"https:\/\/gasteiz.ika.eus\/es\/wp-json\/wp\/v2\/pages\/446\/revisions\/611"}],"wp:attachment":[{"href":"https:\/\/gasteiz.ika.eus\/es\/wp-json\/wp\/v2\/media?parent=446"}],"curies":[{"name":"wp","href":"https:\/\/api.w.org\/{rel}","templated":true}]}}