{"id":983,"date":"2022-12-14T12:30:30","date_gmt":"2022-12-14T11:30:30","guid":{"rendered":"https:\/\/gasteiz.ika.eus\/euskaldunizacion-de-adultos\/"},"modified":"2025-12-09T09:34:47","modified_gmt":"2025-12-09T08:34:47","slug":"euskaldunizacion-de-adultos","status":"publish","type":"page","link":"https:\/\/gasteiz.ika.eus\/es\/euskaldunizacion-de-adultos\/","title":{"rendered":"Euskaldunizaci\u00f3n de personas adultas"},"content":{"rendered":"<section class=\"l-section wpb_row height_medium\"><div class=\"l-section-h i-cf\"><div class=\"g-cols vc_row via_grid cols_1-3 laptops-cols_inherit tablets-cols_inherit mobiles-cols_1 valign_top type_default stacking_default\"><div class=\"wpb_column vc_column_container\"><div class=\"vc_column-inner\"><div class=\"w-separator size_medium\"><\/div><div class=\"wpb_text_column\"><div class=\"wpb_wrapper\"><p>Nuestra actividad principal es la <strong>euskaldunizaci\u00f3n de personas adultas.<\/strong> De hecho, llevamos m\u00e1s de 35 a\u00f1os en ello. Ofrecemos cursos que van desde aprender euskera desde cero, hasta la formaci\u00f3n en niveles superiores. Todo esto se puede hacer al ritmo que cada persona requiera: a quien quiera aprender euskera cuanto antes le ofrecemos cursos intensivos de 5 horas al d\u00eda, mientras que quien quiera hacerlo a un ritmo m\u00e1s pausado tendr\u00e1 la oportunidad de ir a clase 2 horas a diario, o dos o tres d\u00edas a la semana. Intentamos adaptarnos a la necesidad de cada persona.<\/p>\n<\/div><\/div><\/div><\/div><div class=\"wpb_column vc_column_container\"><div class=\"vc_column-inner\"><div class=\"w-image align_none\"><div class=\"w-image-h\"><img decoding=\"async\" width=\"2560\" height=\"1707\" src=\"https:\/\/gasteiz.ika.eus\/wp-content\/uploads\/sites\/2\/2022\/12\/E6A5324-scaled.jpg\" class=\"attachment-full size-full\" alt=\"\" loading=\"lazy\" srcset=\"https:\/\/gasteiz.ika.eus\/wp-content\/uploads\/sites\/2\/2022\/12\/E6A5324-scaled.jpg 2560w, https:\/\/gasteiz.ika.eus\/wp-content\/uploads\/sites\/2\/2022\/12\/E6A5324-300x200.jpg 300w, https:\/\/gasteiz.ika.eus\/wp-content\/uploads\/sites\/2\/2022\/12\/E6A5324-1024x683.jpg 1024w, https:\/\/gasteiz.ika.eus\/wp-content\/uploads\/sites\/2\/2022\/12\/E6A5324-150x100.jpg 150w, https:\/\/gasteiz.ika.eus\/wp-content\/uploads\/sites\/2\/2022\/12\/E6A5324-90x60.jpg 90w\" sizes=\"auto, (max-width: 2560px) 100vw, 2560px\" \/><\/div><\/div><\/div><\/div><\/div><\/div><\/section><section class=\"l-section wpb_row height_medium\"><div class=\"l-section-h i-cf\"><div class=\"g-cols vc_row via_grid cols_1-3 laptops-cols_inherit tablets-cols_inherit mobiles-cols_1 valign_top type_default stacking_default\"><div class=\"wpb_column vc_column_container\"><div class=\"vc_column-inner\"><div class=\"w-image align_none\"><div class=\"w-image-h\"><img decoding=\"async\" width=\"2560\" height=\"1707\" src=\"https:\/\/gasteiz.ika.eus\/wp-content\/uploads\/sites\/2\/2022\/12\/E6A5355-scaled.jpg\" class=\"attachment-full size-full\" alt=\"\" loading=\"lazy\" srcset=\"https:\/\/gasteiz.ika.eus\/wp-content\/uploads\/sites\/2\/2022\/12\/E6A5355-scaled.jpg 2560w, https:\/\/gasteiz.ika.eus\/wp-content\/uploads\/sites\/2\/2022\/12\/E6A5355-300x200.jpg 300w, https:\/\/gasteiz.ika.eus\/wp-content\/uploads\/sites\/2\/2022\/12\/E6A5355-1024x683.jpg 1024w, https:\/\/gasteiz.ika.eus\/wp-content\/uploads\/sites\/2\/2022\/12\/E6A5355-150x100.jpg 150w, https:\/\/gasteiz.ika.eus\/wp-content\/uploads\/sites\/2\/2022\/12\/E6A5355-90x60.jpg 90w\" sizes=\"auto, (max-width: 2560px) 100vw, 2560px\" \/><\/div><\/div><\/div><\/div><div class=\"wpb_column vc_column_container\"><div class=\"vc_column-inner\"><div class=\"w-separator size_small\"><\/div><div class=\"wpb_text_column\"><div class=\"wpb_wrapper\"><p>En IKA nos basamos en la <strong>metodolog\u00eda comunicativa<\/strong>. \u00bfQu\u00e9 es eso? El objetivo ser\u00e1 siempre comunicar: hablar, entender, escribir y leer en euskera. Esto, por supuesto, tambi\u00e9n ayudar\u00e1 al alumnado a obtener los certificados de euskera. Utilizamos <strong>materiales y unidades<\/strong> <strong>did\u00e1cticas propias<\/strong>. Para ello, trabajamos de forma continuada en la actualizaci\u00f3n de todos ellos y, cuando sea necesario, en la creaci\u00f3n de nuevos.<\/p>\n<\/div><\/div><\/div><\/div><\/div><\/div><\/section>\n","protected":false},"excerpt":{"rendered":"Nuestra actividad principal es la euskaldunizaci\u00f3n de personas adultas. De hecho, llevamos m\u00e1s de 35 a\u00f1os en ello. Ofrecemos cursos que van desde aprender euskera desde cero, hasta la formaci\u00f3n en niveles superiores. Todo esto se puede hacer al ritmo que cada persona requiera: a quien quiera aprender euskera cuanto antes le ofrecemos cursos intensivos...","protected":false},"author":2,"featured_media":0,"parent":0,"menu_order":0,"comment_status":"closed","ping_status":"closed","template":"","meta":{"_acf_changed":false,"footnotes":""},"class_list":["post-983","page","type-page","status-publish","hentry"],"acf":[],"_links":{"self":[{"href":"https:\/\/gasteiz.ika.eus\/es\/wp-json\/wp\/v2\/pages\/983","targetHints":{"allow":["GET"]}}],"collection":[{"href":"https:\/\/gasteiz.ika.eus\/es\/wp-json\/wp\/v2\/pages"}],"about":[{"href":"https:\/\/gasteiz.ika.eus\/es\/wp-json\/wp\/v2\/types\/page"}],"author":[{"embeddable":true,"href":"https:\/\/gasteiz.ika.eus\/es\/wp-json\/wp\/v2\/users\/2"}],"replies":[{"embeddable":true,"href":"https:\/\/gasteiz.ika.eus\/es\/wp-json\/wp\/v2\/comments?post=983"}],"version-history":[{"count":10,"href":"https:\/\/gasteiz.ika.eus\/es\/wp-json\/wp\/v2\/pages\/983\/revisions"}],"predecessor-version":[{"id":2454,"href":"https:\/\/gasteiz.ika.eus\/es\/wp-json\/wp\/v2\/pages\/983\/revisions\/2454"}],"wp:attachment":[{"href":"https:\/\/gasteiz.ika.eus\/es\/wp-json\/wp\/v2\/media?parent=983"}],"curies":[{"name":"wp","href":"https:\/\/api.w.org\/{rel}","templated":true}]}}